{"id":2,"date":"2023-05-18T17:18:34","date_gmt":"2023-05-18T17:18:34","guid":{"rendered":"https:\/\/jetxgamer.com\/tr\/?page_id=2"},"modified":"2025-06-22T21:12:12","modified_gmt":"2025-06-22T21:12:12","slug":"sample-page","status":"publish","type":"page","link":"https:\/\/jetxgamer.com\/tr\/","title":{"rendered":"Ana sayfa"},"content":{"rendered":"<p>&nbsp;<\/p>\n<p>&nbsp;<\/p>\n","protected":false},"excerpt":{"rendered":"<p>&nbsp; &nbsp;<\/p>\n","protected":false},"author":1,"featured_media":0,"parent":0,"menu_order":0,"comment_status":"closed","ping_status":"open","template":"","meta":{"footnotes":""},"class_list":["post-2","page","type-page","status-publish","hentry"],"yoast_head":"<!-- This site is optimized with the Yoast SEO plugin v24.8.1 - https:\/\/yoast.com\/wordpress\/plugins\/seo\/ -->\n<title>Jet X &gt; Oyun Genel Bak\u0131\u015f\u0131, Stratejiler, Bonuslar ve D\u00fcr\u00fcstl\u00fck<\/title>\n<meta name=\"description\" content=\"Jet X oyunu nedir ve nas\u0131l oynan\u0131r? Kurallar\u0131, en iyi stratejileri, bonuslar\u0131, bir \u015fekilde nerede oynanaca\u011f\u0131n\u0131 \u00f6\u011frenin.\" \/>\n<meta name=\"robots\" content=\"index, follow, max-snippet:-1, max-image-preview:large, max-video-preview:-1\" \/>\n<meta property=\"og:locale\" content=\"tr_TR\" \/>\n<meta property=\"og:type\" content=\"article\" \/>\n<meta property=\"og:title\" content=\"Jet X &gt; Oyun Genel Bak\u0131\u015f\u0131, Stratejiler, Bonuslar ve D\u00fcr\u00fcstl\u00fck\" \/>\n<meta property=\"og:description\" content=\"Jet X oyunu nedir ve nas\u0131l oynan\u0131r? Kurallar\u0131, en iyi stratejileri, bonuslar\u0131, bir \u015fekilde nerede oynanaca\u011f\u0131n\u0131 \u00f6\u011frenin.\" \/>\n<meta property=\"og:url\" content=\"https:\/\/jetxgamer.com\/tr\/\" \/>\n<meta property=\"og:site_name\" content=\"JetX Gamer TR\" \/>\n<meta property=\"article:modified_time\" content=\"2025-06-22T21:12:12+00:00\" \/>\n<meta name=\"twitter:card\" content=\"summary_large_image\" \/>\n<script type=\"application\/ld+json\" class=\"yoast-schema-graph\">{\"@context\":\"https:\/\/schema.org\",\"@graph\":[{\"@type\":\"WebPage\",\"@id\":\"https:\/\/jetxgamer.com\/tr\/\",\"url\":\"https:\/\/jetxgamer.com\/tr\/\",\"name\":\"Jet X > Oyun Genel Bak\u0131\u015f\u0131, Stratejiler, Bonuslar ve D\u00fcr\u00fcstl\u00fck\",\"isPartOf\":{\"@id\":\"https:\/\/jetxgamer.com\/tr\/#website\"},\"datePublished\":\"2023-05-18T17:18:34+00:00\",\"dateModified\":\"2025-06-22T21:12:12+00:00\",\"description\":\"Jet X oyunu nedir ve nas\u0131l oynan\u0131r? Kurallar\u0131, en iyi stratejileri, bonuslar\u0131, bir \u015fekilde nerede oynanaca\u011f\u0131n\u0131 \u00f6\u011frenin.\",\"breadcrumb\":{\"@id\":\"https:\/\/jetxgamer.com\/tr\/#breadcrumb\"},\"inLanguage\":\"tr\",\"potentialAction\":[{\"@type\":\"ReadAction\",\"target\":[\"https:\/\/jetxgamer.com\/tr\/\"]}]},{\"@type\":\"BreadcrumbList\",\"@id\":\"https:\/\/jetxgamer.com\/tr\/#breadcrumb\",\"itemListElement\":[{\"@type\":\"ListItem\",\"position\":1,\"name\":\"\u0413\u043b\u0430\u0432\u043d\u0430\u044f \u0441\u0442\u0440\u0430\u043d\u0438\u0446\u0430\",\"item\":\"https:\/\/jetxgamer.com\/tr\/\"},{\"@type\":\"ListItem\",\"position\":2,\"name\":\"Ana sayfa\"}]},{\"@type\":\"WebSite\",\"@id\":\"https:\/\/jetxgamer.com\/tr\/#website\",\"url\":\"https:\/\/jetxgamer.com\/tr\/\",\"name\":\"JetX Gamer TR\",\"description\":\"My WordPress Blog\",\"potentialAction\":[{\"@type\":\"SearchAction\",\"target\":{\"@type\":\"EntryPoint\",\"urlTemplate\":\"https:\/\/jetxgamer.com\/tr\/?s={search_term_string}\"},\"query-input\":{\"@type\":\"PropertyValueSpecification\",\"valueRequired\":true,\"valueName\":\"search_term_string\"}}],\"inLanguage\":\"tr\"}]}<\/script>\n<!-- \/ Yoast SEO plugin. -->","yoast_head_json":{"title":"Jet X > Oyun Genel Bak\u0131\u015f\u0131, Stratejiler, Bonuslar ve D\u00fcr\u00fcstl\u00fck","description":"Jet X oyunu nedir ve nas\u0131l oynan\u0131r? Kurallar\u0131, en iyi stratejileri, bonuslar\u0131, bir \u015fekilde nerede oynanaca\u011f\u0131n\u0131 \u00f6\u011frenin.","robots":{"index":"index","follow":"follow","max-snippet":"max-snippet:-1","max-image-preview":"max-image-preview:large","max-video-preview":"max-video-preview:-1"},"og_locale":"tr_TR","og_type":"article","og_title":"Jet X > Oyun Genel Bak\u0131\u015f\u0131, Stratejiler, Bonuslar ve D\u00fcr\u00fcstl\u00fck","og_description":"Jet X oyunu nedir ve nas\u0131l oynan\u0131r? Kurallar\u0131, en iyi stratejileri, bonuslar\u0131, bir \u015fekilde nerede oynanaca\u011f\u0131n\u0131 \u00f6\u011frenin.","og_url":"https:\/\/jetxgamer.com\/tr\/","og_site_name":"JetX Gamer TR","article_modified_time":"2025-06-22T21:12:12+00:00","twitter_card":"summary_large_image","schema":{"@context":"https:\/\/schema.org","@graph":[{"@type":"WebPage","@id":"https:\/\/jetxgamer.com\/tr\/","url":"https:\/\/jetxgamer.com\/tr\/","name":"Jet X > Oyun Genel Bak\u0131\u015f\u0131, Stratejiler, Bonuslar ve D\u00fcr\u00fcstl\u00fck","isPartOf":{"@id":"https:\/\/jetxgamer.com\/tr\/#website"},"datePublished":"2023-05-18T17:18:34+00:00","dateModified":"2025-06-22T21:12:12+00:00","description":"Jet X oyunu nedir ve nas\u0131l oynan\u0131r? Kurallar\u0131, en iyi stratejileri, bonuslar\u0131, bir \u015fekilde nerede oynanaca\u011f\u0131n\u0131 \u00f6\u011frenin.","breadcrumb":{"@id":"https:\/\/jetxgamer.com\/tr\/#breadcrumb"},"inLanguage":"tr","potentialAction":[{"@type":"ReadAction","target":["https:\/\/jetxgamer.com\/tr\/"]}]},{"@type":"BreadcrumbList","@id":"https:\/\/jetxgamer.com\/tr\/#breadcrumb","itemListElement":[{"@type":"ListItem","position":1,"name":"\u0413\u043b\u0430\u0432\u043d\u0430\u044f \u0441\u0442\u0440\u0430\u043d\u0438\u0446\u0430","item":"https:\/\/jetxgamer.com\/tr\/"},{"@type":"ListItem","position":2,"name":"Ana sayfa"}]},{"@type":"WebSite","@id":"https:\/\/jetxgamer.com\/tr\/#website","url":"https:\/\/jetxgamer.com\/tr\/","name":"JetX Gamer TR","description":"My WordPress Blog","potentialAction":[{"@type":"SearchAction","target":{"@type":"EntryPoint","urlTemplate":"https:\/\/jetxgamer.com\/tr\/?s={search_term_string}"},"query-input":{"@type":"PropertyValueSpecification","valueRequired":true,"valueName":"search_term_string"}}],"inLanguage":"tr"}]}},"_links":{"self":[{"href":"https:\/\/jetxgamer.com\/tr\/wp-json\/wp\/v2\/pages\/2","targetHints":{"allow":["GET"]}}],"collection":[{"href":"https:\/\/jetxgamer.com\/tr\/wp-json\/wp\/v2\/pages"}],"about":[{"href":"https:\/\/jetxgamer.com\/tr\/wp-json\/wp\/v2\/types\/page"}],"author":[{"embeddable":true,"href":"https:\/\/jetxgamer.com\/tr\/wp-json\/wp\/v2\/users\/1"}],"replies":[{"embeddable":true,"href":"https:\/\/jetxgamer.com\/tr\/wp-json\/wp\/v2\/comments?post=2"}],"version-history":[{"count":13,"href":"https:\/\/jetxgamer.com\/tr\/wp-json\/wp\/v2\/pages\/2\/revisions"}],"predecessor-version":[{"id":181,"href":"https:\/\/jetxgamer.com\/tr\/wp-json\/wp\/v2\/pages\/2\/revisions\/181"}],"wp:attachment":[{"href":"https:\/\/jetxgamer.com\/tr\/wp-json\/wp\/v2\/media?parent=2"}],"curies":[{"name":"wp","href":"https:\/\/api.w.org\/{rel}","templated":true}]}}