{"id":2,"date":"2023-05-18T17:18:34","date_gmt":"2023-05-18T17:18:34","guid":{"rendered":"https:\/\/jetxgamer.com\/vn\/?page_id=2"},"modified":"2025-06-22T21:16:08","modified_gmt":"2025-06-22T21:16:08","slug":"%d1%89-%d1%8f-%d0%bc-%d0%bf-%d0%bb-%d1%a3-%d0%bf-%d1%8f-%d0%b3-%d1%a3","status":"publish","type":"page","link":"https:\/\/jetxgamer.com\/vn\/","title":{"rendered":"Trang ch\u1ee7"},"content":{"rendered":"","protected":false},"excerpt":{"rendered":"","protected":false},"author":1,"featured_media":0,"parent":0,"menu_order":0,"comment_status":"closed","ping_status":"open","template":"","meta":{"footnotes":""},"class_list":["post-2","page","type-page","status-publish","hentry"],"yoast_head":"<!-- This site is optimized with the Yoast SEO plugin v24.8.1 - https:\/\/yoast.com\/wordpress\/plugins\/seo\/ -->\n<title>Jet X &gt; T\u1ed5ng quan v\u1ec1 tr\u00f2 ch\u01a1i, Ti\u1ec1n th\u01b0\u1edfng v\u00e0 T\u00ednh to\u00e0n v\u1eb9n<\/title>\n<meta name=\"description\" content=\"Jet X l\u00e0 g\u00ec v\u00e0 c\u00e1ch ch\u01a1i nh\u01b0 th\u1ebf n\u00e0o? T\u00ecm hi\u1ec3u c\u00e1c quy t\u1eafc, chi\u1ebfn l\u01b0\u1ee3c t\u1ed1t nh\u1ea5t, ti\u1ec1n th\u01b0\u1edfng v\u00e0 n\u01a1i ch\u01a1i an to\u00e0n.\" \/>\n<meta name=\"robots\" content=\"index, follow, max-snippet:-1, max-image-preview:large, max-video-preview:-1\" \/>\n<meta property=\"og:locale\" content=\"zh_HK\" \/>\n<meta property=\"og:type\" content=\"article\" \/>\n<meta property=\"og:title\" content=\"Jet X &gt; T\u1ed5ng quan v\u1ec1 tr\u00f2 ch\u01a1i, Ti\u1ec1n th\u01b0\u1edfng v\u00e0 T\u00ednh to\u00e0n v\u1eb9n\" \/>\n<meta property=\"og:description\" content=\"Jet X l\u00e0 g\u00ec v\u00e0 c\u00e1ch ch\u01a1i nh\u01b0 th\u1ebf n\u00e0o? T\u00ecm hi\u1ec3u c\u00e1c quy t\u1eafc, chi\u1ebfn l\u01b0\u1ee3c t\u1ed1t nh\u1ea5t, ti\u1ec1n th\u01b0\u1edfng v\u00e0 n\u01a1i ch\u01a1i an to\u00e0n.\" \/>\n<meta property=\"og:url\" content=\"https:\/\/jetxgamer.com\/vn\/\" \/>\n<meta property=\"og:site_name\" content=\"JetX Gamer VN\" \/>\n<meta property=\"article:modified_time\" content=\"2025-06-22T21:16:08+00:00\" \/>\n<meta name=\"twitter:card\" content=\"summary_large_image\" \/>\n<script type=\"application\/ld+json\" class=\"yoast-schema-graph\">{\"@context\":\"https:\/\/schema.org\",\"@graph\":[{\"@type\":\"WebPage\",\"@id\":\"https:\/\/jetxgamer.com\/vn\/\",\"url\":\"https:\/\/jetxgamer.com\/vn\/\",\"name\":\"Jet X > T\u1ed5ng quan v\u1ec1 tr\u00f2 ch\u01a1i, Ti\u1ec1n th\u01b0\u1edfng v\u00e0 T\u00ednh to\u00e0n v\u1eb9n\",\"isPartOf\":{\"@id\":\"https:\/\/jetxgamer.com\/vn\/#website\"},\"datePublished\":\"2023-05-18T17:18:34+00:00\",\"dateModified\":\"2025-06-22T21:16:08+00:00\",\"description\":\"Jet X l\u00e0 g\u00ec v\u00e0 c\u00e1ch ch\u01a1i nh\u01b0 th\u1ebf n\u00e0o? T\u00ecm hi\u1ec3u c\u00e1c quy t\u1eafc, chi\u1ebfn l\u01b0\u1ee3c t\u1ed1t nh\u1ea5t, ti\u1ec1n th\u01b0\u1edfng v\u00e0 n\u01a1i ch\u01a1i an to\u00e0n.\",\"breadcrumb\":{\"@id\":\"https:\/\/jetxgamer.com\/vn\/#breadcrumb\"},\"inLanguage\":\"zh-HK\",\"potentialAction\":[{\"@type\":\"ReadAction\",\"target\":[\"https:\/\/jetxgamer.com\/vn\/\"]}]},{\"@type\":\"BreadcrumbList\",\"@id\":\"https:\/\/jetxgamer.com\/vn\/#breadcrumb\",\"itemListElement\":[{\"@type\":\"ListItem\",\"position\":1,\"name\":\"\u0413\u043b\u0430\u0432\u043d\u0430\u044f \u0441\u0442\u0440\u0430\u043d\u0438\u0446\u0430\",\"item\":\"https:\/\/jetxgamer.com\/vn\/\"},{\"@type\":\"ListItem\",\"position\":2,\"name\":\"Trang ch\u1ee7\"}]},{\"@type\":\"WebSite\",\"@id\":\"https:\/\/jetxgamer.com\/vn\/#website\",\"url\":\"https:\/\/jetxgamer.com\/vn\/\",\"name\":\"JetX Gamer VN\",\"description\":\"My WordPress Blog\",\"potentialAction\":[{\"@type\":\"SearchAction\",\"target\":{\"@type\":\"EntryPoint\",\"urlTemplate\":\"https:\/\/jetxgamer.com\/vn\/?s={search_term_string}\"},\"query-input\":{\"@type\":\"PropertyValueSpecification\",\"valueRequired\":true,\"valueName\":\"search_term_string\"}}],\"inLanguage\":\"zh-HK\"}]}<\/script>\n<!-- \/ Yoast SEO plugin. -->","yoast_head_json":{"title":"Jet X > T\u1ed5ng quan v\u1ec1 tr\u00f2 ch\u01a1i, Ti\u1ec1n th\u01b0\u1edfng v\u00e0 T\u00ednh to\u00e0n v\u1eb9n","description":"Jet X l\u00e0 g\u00ec v\u00e0 c\u00e1ch ch\u01a1i nh\u01b0 th\u1ebf n\u00e0o? T\u00ecm hi\u1ec3u c\u00e1c quy t\u1eafc, chi\u1ebfn l\u01b0\u1ee3c t\u1ed1t nh\u1ea5t, ti\u1ec1n th\u01b0\u1edfng v\u00e0 n\u01a1i ch\u01a1i an to\u00e0n.","robots":{"index":"index","follow":"follow","max-snippet":"max-snippet:-1","max-image-preview":"max-image-preview:large","max-video-preview":"max-video-preview:-1"},"og_locale":"zh_HK","og_type":"article","og_title":"Jet X > T\u1ed5ng quan v\u1ec1 tr\u00f2 ch\u01a1i, Ti\u1ec1n th\u01b0\u1edfng v\u00e0 T\u00ednh to\u00e0n v\u1eb9n","og_description":"Jet X l\u00e0 g\u00ec v\u00e0 c\u00e1ch ch\u01a1i nh\u01b0 th\u1ebf n\u00e0o? T\u00ecm hi\u1ec3u c\u00e1c quy t\u1eafc, chi\u1ebfn l\u01b0\u1ee3c t\u1ed1t nh\u1ea5t, ti\u1ec1n th\u01b0\u1edfng v\u00e0 n\u01a1i ch\u01a1i an to\u00e0n.","og_url":"https:\/\/jetxgamer.com\/vn\/","og_site_name":"JetX Gamer VN","article_modified_time":"2025-06-22T21:16:08+00:00","twitter_card":"summary_large_image","schema":{"@context":"https:\/\/schema.org","@graph":[{"@type":"WebPage","@id":"https:\/\/jetxgamer.com\/vn\/","url":"https:\/\/jetxgamer.com\/vn\/","name":"Jet X > T\u1ed5ng quan v\u1ec1 tr\u00f2 ch\u01a1i, Ti\u1ec1n th\u01b0\u1edfng v\u00e0 T\u00ednh to\u00e0n v\u1eb9n","isPartOf":{"@id":"https:\/\/jetxgamer.com\/vn\/#website"},"datePublished":"2023-05-18T17:18:34+00:00","dateModified":"2025-06-22T21:16:08+00:00","description":"Jet X l\u00e0 g\u00ec v\u00e0 c\u00e1ch ch\u01a1i nh\u01b0 th\u1ebf n\u00e0o? T\u00ecm hi\u1ec3u c\u00e1c quy t\u1eafc, chi\u1ebfn l\u01b0\u1ee3c t\u1ed1t nh\u1ea5t, ti\u1ec1n th\u01b0\u1edfng v\u00e0 n\u01a1i ch\u01a1i an to\u00e0n.","breadcrumb":{"@id":"https:\/\/jetxgamer.com\/vn\/#breadcrumb"},"inLanguage":"zh-HK","potentialAction":[{"@type":"ReadAction","target":["https:\/\/jetxgamer.com\/vn\/"]}]},{"@type":"BreadcrumbList","@id":"https:\/\/jetxgamer.com\/vn\/#breadcrumb","itemListElement":[{"@type":"ListItem","position":1,"name":"\u0413\u043b\u0430\u0432\u043d\u0430\u044f \u0441\u0442\u0440\u0430\u043d\u0438\u0446\u0430","item":"https:\/\/jetxgamer.com\/vn\/"},{"@type":"ListItem","position":2,"name":"Trang ch\u1ee7"}]},{"@type":"WebSite","@id":"https:\/\/jetxgamer.com\/vn\/#website","url":"https:\/\/jetxgamer.com\/vn\/","name":"JetX Gamer VN","description":"My WordPress Blog","potentialAction":[{"@type":"SearchAction","target":{"@type":"EntryPoint","urlTemplate":"https:\/\/jetxgamer.com\/vn\/?s={search_term_string}"},"query-input":{"@type":"PropertyValueSpecification","valueRequired":true,"valueName":"search_term_string"}}],"inLanguage":"zh-HK"}]}},"_links":{"self":[{"href":"https:\/\/jetxgamer.com\/vn\/wp-json\/wp\/v2\/pages\/2","targetHints":{"allow":["GET"]}}],"collection":[{"href":"https:\/\/jetxgamer.com\/vn\/wp-json\/wp\/v2\/pages"}],"about":[{"href":"https:\/\/jetxgamer.com\/vn\/wp-json\/wp\/v2\/types\/page"}],"author":[{"embeddable":true,"href":"https:\/\/jetxgamer.com\/vn\/wp-json\/wp\/v2\/users\/1"}],"replies":[{"embeddable":true,"href":"https:\/\/jetxgamer.com\/vn\/wp-json\/wp\/v2\/comments?post=2"}],"version-history":[{"count":17,"href":"https:\/\/jetxgamer.com\/vn\/wp-json\/wp\/v2\/pages\/2\/revisions"}],"predecessor-version":[{"id":187,"href":"https:\/\/jetxgamer.com\/vn\/wp-json\/wp\/v2\/pages\/2\/revisions\/187"}],"wp:attachment":[{"href":"https:\/\/jetxgamer.com\/vn\/wp-json\/wp\/v2\/media?parent=2"}],"curies":[{"name":"wp","href":"https:\/\/api.w.org\/{rel}","templated":true}]}}